{"id":2472,"date":"2020-03-26T08:43:49","date_gmt":"2020-03-26T07:43:49","guid":{"rendered":"https:\/\/stephan-balleux.comabout\/"},"modified":"2020-10-21T09:03:25","modified_gmt":"2020-10-21T07:03:25","slug":"about","status":"publish","type":"page","link":"https:\/\/stephan-balleux.com\/nl\/about\/","title":{"rendered":"About"},"content":{"rendered":"\n\t\t\t\t<img decoding=\"async\" src=\"https:\/\/stephan-balleux.com\/wp-content\/uploads\/sites\/3\/2020\/09\/Marleen-daniels-portrait.jpg\" alt=\"PH : Marleen Daniels\" height=\"1500\" width=\"2000\" title=\"PH : Marleen Daniels\" \/>\n\t\tPH : Marleen Daniels\n\t<p>Stephan Balleux, geboren in 1974, is een Belgische kunstenaar die in Brussel woont en werkt.<\/p>\n\t<p>Na het behalen van een masterdiploma schilderkunst aan de Koninklijke Academie voor Schone Kunsten in Brussel, Ecole Sup\u00e9rieure des Arts (ARBA-ESA), was hij laureaat van de Fondation de la Tapisserie in Doornik voordat hij zich aansloot bij de postgraduaatsopleiding van het Hoger Instituut voor Schone Kunsten (HISK).<\/p>\n<p>Hij is sinds 2013 hoogleraar in de schilderkunst bij ARBA-ESA.<\/p>\n<p>Kunstenaarswinnaar van de Jos Albert (1999), M\u00e9diatine (2002), Godecharles (2003), Smart national scholarship (2010), de Jean&amp;Ir\u00e8ne Ransy-prijs (2014) en meer recentelijk de Gustave Camus-prijs (2016) van de Koninklijke Belgische Academie van Wetenschappen, Letteren en Schone Kunsten; in datzelfde jaar won hij ook de overheidsopdracht voor de creatie en integratie van een kunstwerk in het Mus\u00e9e de la Boverie (Luik).<\/p>\n<p>Zijn werk is vele malen tentoongesteld in Belgi\u00eb en in het buitenland, in kunstcentra, instellingen, kunstgaleries en kunstbeurzen zoals Art Brussels, BE \/ Art Rotterdam, NL \/ L.A. Kunstshow, USA \/ Patrick Painter Inc, Los Angeles, USA \/ Bozar, Brussel, BE \/ Elsene Museum, BE \/ Larmgalleri, Kopenhagen, DA \/ Sherin Najjar galerie, Berlijn, DE \/ LA CENTRALE For Contemporary Art, Brussel, BE \/ Maison Particuli\u00e8re, Elsene, BE \/ Hudson Valley Center for Contemporary Art, Peekskill, USA \/ Centre Wallonie-Bruxelles, Parijs, FR \/ Le Fresnoy, Studio national des arts contemporains, Tourcoing, FR \/ Robert Miller Gallery, NYC, USA \/ WIELS Centre d&#8217;Art Contemporain, Bruxelles, BE \/ Brakkegrond, Amsterdam, NL.<\/p>\n<p>In 2005 presenteerde Harald Szeemann een van zijn werken voor de tentoonstelling La Belgique visionnaire in Bozar, Brussel; in 2014 presenteerde de monografische tentoonstelling &#8220;La peinture et son double&#8221; in het Mus\u00e9e d&#8217;Elsene een belangrijke selectie van sleutelwerken in de loop van de carri\u00e8re van de schilder.<\/p>\n<p>Het werk van Stephan Balleux wordt in de VS vertegenwoordigd door de Patrick Painter Inc Gallery in Los Angeles. Zijn werken maken nu deel uit van prestigieuze collecties, zowel in Belgi\u00eb als in het buitenland.<\/p>\n<table data-tablesaw-mode=\"stack\" data-tablesaw-minimap>\n\t\t<thead>\n\t\t<tr>\n\t\t\t<th id=\"pp-table-col-1\" scope=\"col\" data-tablesaw-sortable-col>Titre<\/th><th id=\"pp-table-col-2\" scope=\"col\" data-tablesaw-sortable-col>Auteur<\/th><th id=\"pp-table-col-3\" scope=\"col\" data-tablesaw-sortable-col>Type<\/th><th id=\"pp-table-col-4\" scope=\"col\" data-tablesaw-sortable-col>Ann\u00e9e<\/th><th id=\"pp-table-col-5\" scope=\"col\" data-tablesaw-sortable-col>Lien<\/th>\t\t<\/tr>\n\t<\/thead>\n\t\t<tbody>\n\t\t<tr><td>Avec ou sans pinceau<\/td><td>Claude Lorent<\/td><td>Essay FR<\/td><td>2008<\/td><td><a href=\"https:\/\/stephan-balleux.com\/wp-content\/uploads\/sites\/3\/2020\/09\/balleux_lorent_fr.pdf\">PDF<\/a><\/td><\/tr><tr><td>With or without brush<\/td><td>Claude Lorent<\/td><td>Essay EN<\/td><td>2008<\/td><td><a href=\"https:\/\/stephan-balleux.com\/wp-content\/uploads\/sites\/3\/2020\/09\/balleux_lorent_enpdf.pdf\">PDF<\/a><\/td><\/tr><tr><td>Du neuf au bout des yeux, en continu<\/td><td>Muriel Andrin<\/td><td>Interview FR<\/td><td>2008<\/td><td><a href=\"https:\/\/stephan-balleux.com\/wp-content\/uploads\/sites\/3\/2020\/09\/balleux_andrin_interview_fr.pdf\">PDF<\/a><\/td><\/tr><tr><td>Something new in front of our eyes, continually<\/td><td>Murie Andrin<\/td><td>Interview EN<\/td><td>2008<\/td><td><a href=\"https:\/\/stephan-balleux.com\/wp-content\/uploads\/sites\/3\/2020\/09\/balleux_andrin_interview_en.pdf\">PDF<\/a><\/td><\/tr><tr><td>Een schilder die niet vreemd kan gaan<\/td><td>Jurriaan Benschop<\/td><td>Essay NL<\/td><td>2008<\/td><td><a href=\"https:\/\/stephan-balleux.com\/wp-content\/uploads\/sites\/3\/2020\/09\/Balleux_benschop_nl.pdf\">PDF<\/a><\/td><\/tr><tr><td>A painter who cannot desert his muse<\/td><td>Jurriaan Benschop<\/td><td>Essay EN<\/td><td>2008<\/td><td><a href=\"https:\/\/stephan-balleux.com\/wp-content\/uploads\/sites\/3\/2020\/09\/Balleux_benschop_en.pdf\">PDF<\/a><\/td><\/tr><tr><td>Extensive global presentation 2017<\/td><td>Stephan Balleux<\/td><td>Presentation EN<\/td><td>2017<\/td><td><a href=\"https:\/\/www.dropbox.com\/s\/q66tgvzjpxwxc6p\/stephan_balleux_2017_website_en.pdf?dl=0\">PDF<\/a><\/td><\/tr><tr><td>Pr\u00e9sentation g\u00e9n\u00e9rale du travail artistique<\/td><td>Stephan Balleux<\/td><td>Presentation FR<\/td><td>2017<\/td><td><a href=\"https:\/\/www.dropbox.com\/s\/bi3k7nsh9m9lu1w\/stephan_balleux_2017_website_fr.pdf?dl=0\">PDF<\/a><\/td><\/tr>\t<\/tbody>\n<\/table>\n\t\t\t\t<img decoding=\"async\" src=\"https:\/\/stephan-balleux.com\/wp-content\/uploads\/sites\/3\/2020\/09\/IMG_3120-2.jpg\" alt=\"studio view 2018\" height=\"432\" width=\"2000\" title=\"studio view 2018\" \/>\n","protected":false},"excerpt":{"rendered":"<p>PH : Marleen Daniels Stephan Balleux, geboren in 1974, is een Belgische kunstenaar die in Brussel woont en werkt. Na het behalen van een masterdiploma schilderkunst aan de Koninklijke Academie&hellip;<\/p>\n","protected":false},"author":40,"featured_media":0,"parent":0,"menu_order":0,"comment_status":"closed","ping_status":"closed","template":"","meta":{"_acf_changed":false,"footnotes":""},"class_list":["post-2472","page","type-page","status-publish","hentry"],"acf":[],"yoast_head":"<!-- This site is optimized with the Yoast SEO plugin v26.5 - https:\/\/yoast.com\/wordpress\/plugins\/seo\/ -->\n<title>About &#8211; Stephan Balleux<\/title>\n<meta name=\"robots\" content=\"index, follow, max-snippet:-1, max-image-preview:large, max-video-preview:-1\" \/>\n<link rel=\"canonical\" href=\"https:\/\/stephan-balleux.com\/nl\/about\/\" \/>\n<meta property=\"og:locale\" content=\"nl_NL\" \/>\n<meta property=\"og:type\" content=\"article\" \/>\n<meta property=\"og:title\" content=\"About &#8211; Stephan Balleux\" \/>\n<meta property=\"og:description\" content=\"PH : Marleen Daniels Stephan Balleux, geboren in 1974, is een Belgische kunstenaar die in Brussel woont en werkt. Na het behalen van een masterdiploma schilderkunst aan de Koninklijke Academie&hellip;\" \/>\n<meta property=\"og:url\" content=\"https:\/\/stephan-balleux.com\/nl\/about\/\" \/>\n<meta property=\"og:site_name\" content=\"Stephan Balleux\" \/>\n<meta property=\"article:modified_time\" content=\"2020-10-21T07:03:25+00:00\" \/>\n<meta property=\"og:image\" content=\"https:\/\/stephan-balleux.com\/wp-content\/uploads\/sites\/3\/2020\/09\/Marleen-daniels-portrait.jpg\" \/>\n<meta name=\"twitter:card\" content=\"summary_large_image\" \/>\n<meta name=\"twitter:label1\" content=\"Geschatte leestijd\" \/>\n\t<meta name=\"twitter:data1\" content=\"2 minuten\" \/>\n<script type=\"application\/ld+json\" class=\"yoast-schema-graph\">{\"@context\":\"https:\/\/schema.org\",\"@graph\":[{\"@type\":\"WebPage\",\"@id\":\"https:\/\/stephan-balleux.com\/nl\/about\/\",\"url\":\"https:\/\/stephan-balleux.com\/nl\/about\/\",\"name\":\"About &#8211; Stephan Balleux\",\"isPartOf\":{\"@id\":\"https:\/\/stephan-balleux.com\/#website\"},\"primaryImageOfPage\":{\"@id\":\"https:\/\/stephan-balleux.com\/nl\/about\/#primaryimage\"},\"image\":{\"@id\":\"https:\/\/stephan-balleux.com\/nl\/about\/#primaryimage\"},\"thumbnailUrl\":\"https:\/\/stephan-balleux.com\/wp-content\/uploads\/sites\/3\/2020\/09\/Marleen-daniels-portrait.jpg\",\"datePublished\":\"2020-03-26T07:43:49+00:00\",\"dateModified\":\"2020-10-21T07:03:25+00:00\",\"breadcrumb\":{\"@id\":\"https:\/\/stephan-balleux.com\/nl\/about\/#breadcrumb\"},\"inLanguage\":\"nl-NL\",\"potentialAction\":[{\"@type\":\"ReadAction\",\"target\":[\"https:\/\/stephan-balleux.com\/nl\/about\/\"]}]},{\"@type\":\"ImageObject\",\"inLanguage\":\"nl-NL\",\"@id\":\"https:\/\/stephan-balleux.com\/nl\/about\/#primaryimage\",\"url\":\"https:\/\/stephan-balleux.com\/wp-content\/uploads\/sites\/3\/2020\/09\/Marleen-daniels-portrait.jpg\",\"contentUrl\":\"https:\/\/stephan-balleux.com\/wp-content\/uploads\/sites\/3\/2020\/09\/Marleen-daniels-portrait.jpg\"},{\"@type\":\"BreadcrumbList\",\"@id\":\"https:\/\/stephan-balleux.com\/nl\/about\/#breadcrumb\",\"itemListElement\":[{\"@type\":\"ListItem\",\"position\":1,\"name\":\"Accueil\",\"item\":\"https:\/\/stephan-balleux.com\/nl\/\"},{\"@type\":\"ListItem\",\"position\":2,\"name\":\"About\"}]},{\"@type\":\"WebSite\",\"@id\":\"https:\/\/stephan-balleux.com\/#website\",\"url\":\"https:\/\/stephan-balleux.com\/\",\"name\":\"Stephan Balleux\",\"description\":\"Artiste Belge travaillant \u00e0 Bruxelles\",\"potentialAction\":[{\"@type\":\"SearchAction\",\"target\":{\"@type\":\"EntryPoint\",\"urlTemplate\":\"https:\/\/stephan-balleux.com\/?s={search_term_string}\"},\"query-input\":{\"@type\":\"PropertyValueSpecification\",\"valueRequired\":true,\"valueName\":\"search_term_string\"}}],\"inLanguage\":\"nl-NL\"}]}<\/script>\n<!-- \/ Yoast SEO plugin. -->","yoast_head_json":{"title":"About &#8211; Stephan Balleux","robots":{"index":"index","follow":"follow","max-snippet":"max-snippet:-1","max-image-preview":"max-image-preview:large","max-video-preview":"max-video-preview:-1"},"canonical":"https:\/\/stephan-balleux.com\/nl\/about\/","og_locale":"nl_NL","og_type":"article","og_title":"About &#8211; Stephan Balleux","og_description":"PH : Marleen Daniels Stephan Balleux, geboren in 1974, is een Belgische kunstenaar die in Brussel woont en werkt. Na het behalen van een masterdiploma schilderkunst aan de Koninklijke Academie&hellip;","og_url":"https:\/\/stephan-balleux.com\/nl\/about\/","og_site_name":"Stephan Balleux","article_modified_time":"2020-10-21T07:03:25+00:00","og_image":[{"url":"https:\/\/stephan-balleux.com\/wp-content\/uploads\/sites\/3\/2020\/09\/Marleen-daniels-portrait.jpg","type":"","width":"","height":""}],"twitter_card":"summary_large_image","twitter_misc":{"Geschatte leestijd":"2 minuten"},"schema":{"@context":"https:\/\/schema.org","@graph":[{"@type":"WebPage","@id":"https:\/\/stephan-balleux.com\/nl\/about\/","url":"https:\/\/stephan-balleux.com\/nl\/about\/","name":"About &#8211; Stephan Balleux","isPartOf":{"@id":"https:\/\/stephan-balleux.com\/#website"},"primaryImageOfPage":{"@id":"https:\/\/stephan-balleux.com\/nl\/about\/#primaryimage"},"image":{"@id":"https:\/\/stephan-balleux.com\/nl\/about\/#primaryimage"},"thumbnailUrl":"https:\/\/stephan-balleux.com\/wp-content\/uploads\/sites\/3\/2020\/09\/Marleen-daniels-portrait.jpg","datePublished":"2020-03-26T07:43:49+00:00","dateModified":"2020-10-21T07:03:25+00:00","breadcrumb":{"@id":"https:\/\/stephan-balleux.com\/nl\/about\/#breadcrumb"},"inLanguage":"nl-NL","potentialAction":[{"@type":"ReadAction","target":["https:\/\/stephan-balleux.com\/nl\/about\/"]}]},{"@type":"ImageObject","inLanguage":"nl-NL","@id":"https:\/\/stephan-balleux.com\/nl\/about\/#primaryimage","url":"https:\/\/stephan-balleux.com\/wp-content\/uploads\/sites\/3\/2020\/09\/Marleen-daniels-portrait.jpg","contentUrl":"https:\/\/stephan-balleux.com\/wp-content\/uploads\/sites\/3\/2020\/09\/Marleen-daniels-portrait.jpg"},{"@type":"BreadcrumbList","@id":"https:\/\/stephan-balleux.com\/nl\/about\/#breadcrumb","itemListElement":[{"@type":"ListItem","position":1,"name":"Accueil","item":"https:\/\/stephan-balleux.com\/nl\/"},{"@type":"ListItem","position":2,"name":"About"}]},{"@type":"WebSite","@id":"https:\/\/stephan-balleux.com\/#website","url":"https:\/\/stephan-balleux.com\/","name":"Stephan Balleux","description":"Artiste Belge travaillant \u00e0 Bruxelles","potentialAction":[{"@type":"SearchAction","target":{"@type":"EntryPoint","urlTemplate":"https:\/\/stephan-balleux.com\/?s={search_term_string}"},"query-input":{"@type":"PropertyValueSpecification","valueRequired":true,"valueName":"search_term_string"}}],"inLanguage":"nl-NL"}]}},"_links":{"self":[{"href":"https:\/\/stephan-balleux.com\/nl\/wp-json\/wp\/v2\/pages\/2472","targetHints":{"allow":["GET"]}}],"collection":[{"href":"https:\/\/stephan-balleux.com\/nl\/wp-json\/wp\/v2\/pages"}],"about":[{"href":"https:\/\/stephan-balleux.com\/nl\/wp-json\/wp\/v2\/types\/page"}],"author":[{"embeddable":true,"href":"https:\/\/stephan-balleux.com\/nl\/wp-json\/wp\/v2\/users\/40"}],"replies":[{"embeddable":true,"href":"https:\/\/stephan-balleux.com\/nl\/wp-json\/wp\/v2\/comments?post=2472"}],"version-history":[{"count":0,"href":"https:\/\/stephan-balleux.com\/nl\/wp-json\/wp\/v2\/pages\/2472\/revisions"}],"wp:attachment":[{"href":"https:\/\/stephan-balleux.com\/nl\/wp-json\/wp\/v2\/media?parent=2472"}],"curies":[{"name":"wp","href":"https:\/\/api.w.org\/{rel}","templated":true}]}}